{"id":45,"date":"2024-09-29T15:38:05","date_gmt":"2024-09-29T13:38:05","guid":{"rendered":"https:\/\/www.burexkupelne.sk\/?page_id=45"},"modified":"2025-10-19T01:32:05","modified_gmt":"2025-10-18T23:32:05","slug":"o-nas","status":"publish","type":"page","link":"https:\/\/www.burexkupelne.sk\/index.php\/o-nas\/","title":{"rendered":"O n\u00e1s"},"content":{"rendered":"\t\t<div data-elementor-type=\"wp-page\" data-elementor-id=\"45\" class=\"elementor elementor-45\">\n\t\t\t\t\t\t<section class=\"elementor-section elementor-top-section elementor-element elementor-element-d72046f elementor-section-boxed elementor-section-height-default elementor-section-height-default\" data-id=\"d72046f\" data-element_type=\"section\" data-settings=\"{&quot;background_background&quot;:&quot;classic&quot;,&quot;shape_divider_top&quot;:&quot;waves&quot;,&quot;shape_divider_top_negative&quot;:&quot;yes&quot;}\">\n\t\t\t\t\t<div class=\"elementor-shape elementor-shape-top\" aria-hidden=\"true\" data-negative=\"true\">\n\t\t\t<svg xmlns=\"http:\/\/www.w3.org\/2000\/svg\" viewBox=\"0 0 1000 100\" preserveAspectRatio=\"none\">\n\t<path class=\"elementor-shape-fill\" d=\"M790.5,93.1c-59.3-5.3-116.8-18-192.6-50c-29.6-12.7-76.9-31-100.5-35.9c-23.6-4.9-52.6-7.8-75.5-5.3\n\tc-10.2,1.1-22.6,1.4-50.1,7.4c-27.2,6.3-58.2,16.6-79.4,24.7c-41.3,15.9-94.9,21.9-134,22.6C72,58.2,0,25.8,0,25.8V100h1000V65.3\n\tc0,0-51.5,19.4-106.2,25.7C839.5,97,814.1,95.2,790.5,93.1z\"\/>\n<\/svg>\t\t<\/div>\n\t\t\t\t\t<div class=\"elementor-container elementor-column-gap-default\">\n\t\t\t\t\t<div class=\"elementor-column elementor-col-100 elementor-top-column elementor-element elementor-element-dbef45a\" data-id=\"dbef45a\" data-element_type=\"column\">\n\t\t\t<div class=\"elementor-widget-wrap elementor-element-populated\">\n\t\t\t\t\t\t<div class=\"elementor-element elementor-element-4368479 elementor-widget elementor-widget-spacer\" data-id=\"4368479\" data-element_type=\"widget\" data-widget_type=\"spacer.default\">\n\t\t\t\t\t\t\t<div class=\"elementor-spacer\">\n\t\t\t<div class=\"elementor-spacer-inner\"><\/div>\n\t\t<\/div>\n\t\t\t\t\t\t<\/div>\n\t\t\t\t<div class=\"elementor-element elementor-element-5223389 elementor-widget elementor-widget-text-editor\" data-id=\"5223389\" data-element_type=\"widget\" data-widget_type=\"text-editor.default\">\n\t\t\t\t\t\t\t\t\t<p><strong data-start=\"687\" data-end=\"704\">K\u00fape\u013ene Burex<\/strong> p\u00f4sobia na trhu u\u017e viac ako dve desa\u0165ro\u010dia.<br data-start=\"748\" data-end=\"751\" \/>Na\u0161ou v\u00e1\u0161\u0148ou je premena oby\u010dajn\u00fdch k\u00fape\u013en\u00ed na v\u00fdnimo\u010dn\u00e9 priestory pln\u00e9 \u0161t\u00fdlu, kvality a komfortu.<br data-start=\"850\" data-end=\"853\" \/>Sp\u00e1jame dlhoro\u010dn\u00e9 sk\u00fasenosti s modern\u00fdmi trendmi, aby sme vytv\u00e1rali rie\u0161enia \u0161it\u00e9 na mieru \u2013 od n\u00e1vrhu a\u017e po realiz\u00e1ciu.<br data-start=\"975\" data-end=\"978\" \/>Ver\u00edme, \u017ee k\u00fape\u013e\u0148a je miesto, ktor\u00e9 m\u00e1 odr\u00e1\u017ea\u0165 va\u0161u osobnos\u0165 a prin\u00e1\u0161a\u0165 v\u00e1m ka\u017edodenn\u00fd pocit pohody.<br data-start=\"1080\" data-end=\"1083\" \/>Na\u0161a filozofia stoj\u00ed na troch pilieroch \u2013 <strong data-start=\"1127\" data-end=\"1170\">znalosti, spo\u013eahlivosti a udr\u017eate\u013enosti<\/strong>.<br data-start=\"1171\" data-end=\"1174\" data-is-only-node=\"\" \/>Ka\u017ed\u00fd projekt vn\u00edmame ako jedine\u010dn\u00fd a pristupujeme k nemu s d\u00f4razom na detail, kvalitu a spokojnos\u0165 z\u00e1kazn\u00edka.<\/p>\t\t\t\t\t\t\t\t<\/div>\n\t\t\t\t\t<\/div>\n\t\t<\/div>\n\t\t\t\t\t<\/div>\n\t\t<\/section>\n\t\t\t\t<section class=\"elementor-section elementor-top-section elementor-element elementor-element-251be35 elementor-section-boxed elementor-section-height-default elementor-section-height-default\" data-id=\"251be35\" data-element_type=\"section\" data-settings=\"{&quot;background_background&quot;:&quot;classic&quot;,&quot;shape_divider_bottom&quot;:&quot;waves&quot;}\">\n\t\t\t\t\t<div class=\"elementor-shape elementor-shape-bottom\" aria-hidden=\"true\" data-negative=\"false\">\n\t\t\t<svg xmlns=\"http:\/\/www.w3.org\/2000\/svg\" viewBox=\"0 0 1000 100\" preserveAspectRatio=\"none\">\n\t<path class=\"elementor-shape-fill\" d=\"M421.9,6.5c22.6-2.5,51.5,0.4,75.5,5.3c23.6,4.9,70.9,23.5,100.5,35.7c75.8,32.2,133.7,44.5,192.6,49.7\n\tc23.6,2.1,48.7,3.5,103.4-2.5c54.7-6,106.2-25.6,106.2-25.6V0H0v30.3c0,0,72,32.6,158.4,30.5c39.2-0.7,92.8-6.7,134-22.4\n\tc21.2-8.1,52.2-18.2,79.7-24.2C399.3,7.9,411.6,7.5,421.9,6.5z\"\/>\n<\/svg>\t\t<\/div>\n\t\t\t\t\t<div class=\"elementor-container elementor-column-gap-default\">\n\t\t\t\t\t<div class=\"elementor-column elementor-col-100 elementor-top-column elementor-element elementor-element-eca08ab\" data-id=\"eca08ab\" data-element_type=\"column\">\n\t\t\t<div class=\"elementor-widget-wrap elementor-element-populated\">\n\t\t\t\t\t\t<div class=\"elementor-element elementor-element-d2019f0 elementor-widget elementor-widget-spacer\" data-id=\"d2019f0\" data-element_type=\"widget\" data-widget_type=\"spacer.default\">\n\t\t\t\t\t\t\t<div class=\"elementor-spacer\">\n\t\t\t<div class=\"elementor-spacer-inner\"><\/div>\n\t\t<\/div>\n\t\t\t\t\t\t<\/div>\n\t\t\t\t<div class=\"elementor-element elementor-element-840c438 elementor-widget elementor-widget-video\" data-id=\"840c438\" data-element_type=\"widget\" data-settings=\"{&quot;youtube_url&quot;:&quot;https:\\\/\\\/www.youtube.com\\\/watch?v=ISLP1wLURWM&quot;,&quot;video_type&quot;:&quot;youtube&quot;,&quot;controls&quot;:&quot;yes&quot;}\" data-widget_type=\"video.default\">\n\t\t\t\t\t\t\t<div class=\"elementor-wrapper elementor-open-inline\">\n\t\t\t<div class=\"elementor-video\"><\/div>\t\t<\/div>\n\t\t\t\t\t\t<\/div>\n\t\t\t\t<div class=\"elementor-element elementor-element-89c147c elementor-widget elementor-widget-spacer\" data-id=\"89c147c\" data-element_type=\"widget\" data-widget_type=\"spacer.default\">\n\t\t\t\t\t\t\t<div class=\"elementor-spacer\">\n\t\t\t<div class=\"elementor-spacer-inner\"><\/div>\n\t\t<\/div>\n\t\t\t\t\t\t<\/div>\n\t\t\t\t\t<\/div>\n\t\t<\/div>\n\t\t\t\t\t<\/div>\n\t\t<\/section>\n\t\t\t\t<\/div>\n\t\t","protected":false},"excerpt":{"rendered":"<p>K\u00fape\u013ene Burex p\u00f4sobia na trhu u\u017e viac ako dve desa\u0165ro\u010dia.Na\u0161ou v\u00e1\u0161\u0148ou je premena oby\u010dajn\u00fdch k\u00fape\u013en\u00ed na v\u00fdnimo\u010dn\u00e9 priestory pln\u00e9 \u0161t\u00fdlu, [&hellip;]<\/p>\n","protected":false},"author":1,"featured_media":0,"parent":0,"menu_order":0,"comment_status":"closed","ping_status":"closed","template":"","meta":{"site-sidebar-layout":"no-sidebar","site-content-layout":"","ast-site-content-layout":"full-width-container","site-content-style":"default","site-sidebar-style":"default","ast-global-header-display":"","ast-banner-title-visibility":"","ast-main-header-display":"","ast-hfb-above-header-display":"","ast-hfb-below-header-display":"","ast-hfb-mobile-header-display":"","site-post-title":"disabled","ast-breadcrumbs-content":"","ast-featured-img":"disabled","footer-sml-layout":"","ast-disable-related-posts":"","theme-transparent-header-meta":"","adv-header-id-meta":"","stick-header-meta":"","header-above-stick-meta":"","header-main-stick-meta":"","header-below-stick-meta":"","astra-migrate-meta-layouts":"default","ast-page-background-enabled":"default","ast-page-background-meta":{"desktop":{"background-color":"var(--ast-global-color-4)","background-image":"","background-repeat":"repeat","background-position":"center center","background-size":"auto","background-attachment":"scroll","background-type":"","background-media":"","overlay-type":"","overlay-color":"","overlay-opacity":"","overlay-gradient":""},"tablet":{"background-color":"","background-image":"","background-repeat":"repeat","background-position":"center center","background-size":"auto","background-attachment":"scroll","background-type":"","background-media":"","overlay-type":"","overlay-color":"","overlay-opacity":"","overlay-gradient":""},"mobile":{"background-color":"","background-image":"","background-repeat":"repeat","background-position":"center center","background-size":"auto","background-attachment":"scroll","background-type":"","background-media":"","overlay-type":"","overlay-color":"","overlay-opacity":"","overlay-gradient":""}},"ast-content-background-meta":{"desktop":{"background-color":"var(--ast-global-color-5)","background-image":"","background-repeat":"repeat","background-position":"center center","background-size":"auto","background-attachment":"scroll","background-type":"","background-media":"","overlay-type":"","overlay-color":"","overlay-opacity":"","overlay-gradient":""},"tablet":{"background-color":"var(--ast-global-color-5)","background-image":"","background-repeat":"repeat","background-position":"center center","background-size":"auto","background-attachment":"scroll","background-type":"","background-media":"","overlay-type":"","overlay-color":"","overlay-opacity":"","overlay-gradient":""},"mobile":{"background-color":"var(--ast-global-color-5)","background-image":"","background-repeat":"repeat","background-position":"center center","background-size":"auto","background-attachment":"scroll","background-type":"","background-media":"","overlay-type":"","overlay-color":"","overlay-opacity":"","overlay-gradient":""}},"footnotes":""},"class_list":["post-45","page","type-page","status-publish","hentry"],"yoast_head":"<!-- This site is optimized with the Yoast SEO plugin v26.1.1 - https:\/\/yoast.com\/wordpress\/plugins\/seo\/ -->\n<title>O n\u00e1s - Kupe\u013ene Burex<\/title>\n<meta name=\"robots\" content=\"index, follow, max-snippet:-1, max-image-preview:large, max-video-preview:-1\" \/>\n<link rel=\"canonical\" href=\"https:\/\/www.burexkupelne.sk\/index.php\/o-nas\/\" \/>\n<meta property=\"og:locale\" content=\"sk_SK\" \/>\n<meta property=\"og:type\" content=\"article\" \/>\n<meta property=\"og:title\" content=\"O n\u00e1s - Kupe\u013ene Burex\" \/>\n<meta property=\"og:description\" content=\"K\u00fape\u013ene Burex p\u00f4sobia na trhu u\u017e viac ako dve desa\u0165ro\u010dia.Na\u0161ou v\u00e1\u0161\u0148ou je premena oby\u010dajn\u00fdch k\u00fape\u013en\u00ed na v\u00fdnimo\u010dn\u00e9 priestory pln\u00e9 \u0161t\u00fdlu, [&hellip;]\" \/>\n<meta property=\"og:url\" content=\"https:\/\/www.burexkupelne.sk\/index.php\/o-nas\/\" \/>\n<meta property=\"og:site_name\" content=\"Kupe\u013ene Burex\" \/>\n<meta property=\"article:publisher\" content=\"https:\/\/www.facebook.com\/KUPELNE.VRANOV\" \/>\n<meta property=\"article:modified_time\" content=\"2025-10-18T23:32:05+00:00\" \/>\n<meta name=\"twitter:card\" content=\"summary_large_image\" \/>\n<meta name=\"twitter:label1\" content=\"Predpokladan\u00fd \u010das \u010d\u00edtania\" \/>\n\t<meta name=\"twitter:data1\" content=\"1 min\u00fata\" \/>\n<script type=\"application\/ld+json\" class=\"yoast-schema-graph\">{\"@context\":\"https:\/\/schema.org\",\"@graph\":[{\"@type\":\"WebPage\",\"@id\":\"https:\/\/www.burexkupelne.sk\/index.php\/o-nas\/\",\"url\":\"https:\/\/www.burexkupelne.sk\/index.php\/o-nas\/\",\"name\":\"O n\u00e1s - Kupe\u013ene Burex\",\"isPartOf\":{\"@id\":\"https:\/\/www.burexkupelne.sk\/#website\"},\"datePublished\":\"2024-09-29T13:38:05+00:00\",\"dateModified\":\"2025-10-18T23:32:05+00:00\",\"breadcrumb\":{\"@id\":\"https:\/\/www.burexkupelne.sk\/index.php\/o-nas\/#breadcrumb\"},\"inLanguage\":\"sk-SK\",\"potentialAction\":[{\"@type\":\"ReadAction\",\"target\":[\"https:\/\/www.burexkupelne.sk\/index.php\/o-nas\/\"]}]},{\"@type\":\"BreadcrumbList\",\"@id\":\"https:\/\/www.burexkupelne.sk\/index.php\/o-nas\/#breadcrumb\",\"itemListElement\":[{\"@type\":\"ListItem\",\"position\":1,\"name\":\"Domovsk\u00e1 str\u00e1nka\",\"item\":\"https:\/\/www.burexkupelne.sk\/\"},{\"@type\":\"ListItem\",\"position\":2,\"name\":\"O n\u00e1s\"}]},{\"@type\":\"WebSite\",\"@id\":\"https:\/\/www.burexkupelne.sk\/#website\",\"url\":\"https:\/\/www.burexkupelne.sk\/\",\"name\":\"Kupe\u013ene Burex\",\"description\":\"Vd\u00fdchneme k\u00fape\u013eni du\u0161u\",\"publisher\":{\"@id\":\"https:\/\/www.burexkupelne.sk\/#organization\"},\"potentialAction\":[{\"@type\":\"SearchAction\",\"target\":{\"@type\":\"EntryPoint\",\"urlTemplate\":\"https:\/\/www.burexkupelne.sk\/?s={search_term_string}\"},\"query-input\":{\"@type\":\"PropertyValueSpecification\",\"valueRequired\":true,\"valueName\":\"search_term_string\"}}],\"inLanguage\":\"sk-SK\"},{\"@type\":\"Organization\",\"@id\":\"https:\/\/www.burexkupelne.sk\/#organization\",\"name\":\"Kupe\u013ene Burex\",\"url\":\"https:\/\/www.burexkupelne.sk\/\",\"logo\":{\"@type\":\"ImageObject\",\"inLanguage\":\"sk-SK\",\"@id\":\"https:\/\/www.burexkupelne.sk\/#\/schema\/logo\/image\/\",\"url\":\"https:\/\/www.burexkupelne.sk\/wp-content\/uploads\/2024\/09\/logo-stranka2.png\",\"contentUrl\":\"https:\/\/www.burexkupelne.sk\/wp-content\/uploads\/2024\/09\/logo-stranka2.png\",\"width\":200,\"height\":100,\"caption\":\"Kupe\u013ene Burex\"},\"image\":{\"@id\":\"https:\/\/www.burexkupelne.sk\/#\/schema\/logo\/image\/\"},\"sameAs\":[\"https:\/\/www.facebook.com\/KUPELNE.VRANOV\",\"https:\/\/www.youtube.com\/@kupelneburex\",\"https:\/\/www.instagram.com\/kupelne.burex\/\"]}]}<\/script>\n<!-- \/ Yoast SEO plugin. -->","yoast_head_json":{"title":"O n\u00e1s - Kupe\u013ene Burex","robots":{"index":"index","follow":"follow","max-snippet":"max-snippet:-1","max-image-preview":"max-image-preview:large","max-video-preview":"max-video-preview:-1"},"canonical":"https:\/\/www.burexkupelne.sk\/index.php\/o-nas\/","og_locale":"sk_SK","og_type":"article","og_title":"O n\u00e1s - Kupe\u013ene Burex","og_description":"K\u00fape\u013ene Burex p\u00f4sobia na trhu u\u017e viac ako dve desa\u0165ro\u010dia.Na\u0161ou v\u00e1\u0161\u0148ou je premena oby\u010dajn\u00fdch k\u00fape\u013en\u00ed na v\u00fdnimo\u010dn\u00e9 priestory pln\u00e9 \u0161t\u00fdlu, [&hellip;]","og_url":"https:\/\/www.burexkupelne.sk\/index.php\/o-nas\/","og_site_name":"Kupe\u013ene Burex","article_publisher":"https:\/\/www.facebook.com\/KUPELNE.VRANOV","article_modified_time":"2025-10-18T23:32:05+00:00","twitter_card":"summary_large_image","twitter_misc":{"Predpokladan\u00fd \u010das \u010d\u00edtania":"1 min\u00fata"},"schema":{"@context":"https:\/\/schema.org","@graph":[{"@type":"WebPage","@id":"https:\/\/www.burexkupelne.sk\/index.php\/o-nas\/","url":"https:\/\/www.burexkupelne.sk\/index.php\/o-nas\/","name":"O n\u00e1s - Kupe\u013ene Burex","isPartOf":{"@id":"https:\/\/www.burexkupelne.sk\/#website"},"datePublished":"2024-09-29T13:38:05+00:00","dateModified":"2025-10-18T23:32:05+00:00","breadcrumb":{"@id":"https:\/\/www.burexkupelne.sk\/index.php\/o-nas\/#breadcrumb"},"inLanguage":"sk-SK","potentialAction":[{"@type":"ReadAction","target":["https:\/\/www.burexkupelne.sk\/index.php\/o-nas\/"]}]},{"@type":"BreadcrumbList","@id":"https:\/\/www.burexkupelne.sk\/index.php\/o-nas\/#breadcrumb","itemListElement":[{"@type":"ListItem","position":1,"name":"Domovsk\u00e1 str\u00e1nka","item":"https:\/\/www.burexkupelne.sk\/"},{"@type":"ListItem","position":2,"name":"O n\u00e1s"}]},{"@type":"WebSite","@id":"https:\/\/www.burexkupelne.sk\/#website","url":"https:\/\/www.burexkupelne.sk\/","name":"Kupe\u013ene Burex","description":"Vd\u00fdchneme k\u00fape\u013eni du\u0161u","publisher":{"@id":"https:\/\/www.burexkupelne.sk\/#organization"},"potentialAction":[{"@type":"SearchAction","target":{"@type":"EntryPoint","urlTemplate":"https:\/\/www.burexkupelne.sk\/?s={search_term_string}"},"query-input":{"@type":"PropertyValueSpecification","valueRequired":true,"valueName":"search_term_string"}}],"inLanguage":"sk-SK"},{"@type":"Organization","@id":"https:\/\/www.burexkupelne.sk\/#organization","name":"Kupe\u013ene Burex","url":"https:\/\/www.burexkupelne.sk\/","logo":{"@type":"ImageObject","inLanguage":"sk-SK","@id":"https:\/\/www.burexkupelne.sk\/#\/schema\/logo\/image\/","url":"https:\/\/www.burexkupelne.sk\/wp-content\/uploads\/2024\/09\/logo-stranka2.png","contentUrl":"https:\/\/www.burexkupelne.sk\/wp-content\/uploads\/2024\/09\/logo-stranka2.png","width":200,"height":100,"caption":"Kupe\u013ene Burex"},"image":{"@id":"https:\/\/www.burexkupelne.sk\/#\/schema\/logo\/image\/"},"sameAs":["https:\/\/www.facebook.com\/KUPELNE.VRANOV","https:\/\/www.youtube.com\/@kupelneburex","https:\/\/www.instagram.com\/kupelne.burex\/"]}]}},"_links":{"self":[{"href":"https:\/\/www.burexkupelne.sk\/index.php\/wp-json\/wp\/v2\/pages\/45","targetHints":{"allow":["GET"]}}],"collection":[{"href":"https:\/\/www.burexkupelne.sk\/index.php\/wp-json\/wp\/v2\/pages"}],"about":[{"href":"https:\/\/www.burexkupelne.sk\/index.php\/wp-json\/wp\/v2\/types\/page"}],"author":[{"embeddable":true,"href":"https:\/\/www.burexkupelne.sk\/index.php\/wp-json\/wp\/v2\/users\/1"}],"replies":[{"embeddable":true,"href":"https:\/\/www.burexkupelne.sk\/index.php\/wp-json\/wp\/v2\/comments?post=45"}],"version-history":[{"count":41,"href":"https:\/\/www.burexkupelne.sk\/index.php\/wp-json\/wp\/v2\/pages\/45\/revisions"}],"predecessor-version":[{"id":411,"href":"https:\/\/www.burexkupelne.sk\/index.php\/wp-json\/wp\/v2\/pages\/45\/revisions\/411"}],"wp:attachment":[{"href":"https:\/\/www.burexkupelne.sk\/index.php\/wp-json\/wp\/v2\/media?parent=45"}],"curies":[{"name":"wp","href":"https:\/\/api.w.org\/{rel}","templated":true}]}}